{"id":123,"date":"2021-01-15T13:54:51","date_gmt":"2021-01-15T13:54:51","guid":{"rendered":"https:\/\/webneu.autoschmidlin.ch\/?page_id=123"},"modified":"2021-06-14T06:39:33","modified_gmt":"2021-06-14T06:39:33","slug":"oldtimer","status":"publish","type":"page","link":"https:\/\/www.autoschmidlin.ch\/de\/fahrzeuge\/oldtimer\/","title":{"rendered":"Oldtimer"},"content":{"rendered":"<p><div class=\"fusion-fullwidth fullwidth-box fusion-builder-row-1 fusion-flex-container fusion-parallax-none nonhundred-percent-fullwidth non-hundred-percent-height-scrolling\" style=\"background-color: #242424;background-image: url(&quot;https:\/\/webneu.autoschmidlin.ch\/wp-content\/uploads\/DSCF0021-2-e1614022863119.jpg&quot;);background-position: right bottom;background-repeat: no-repeat;border-width: 0px 0px 0px 0px;border-color:#3e3e3e;border-style:solid;-webkit-background-size:cover;-moz-background-size:cover;-o-background-size:cover;background-size:cover;\" ><div class=\"fusion-builder-row fusion-row fusion-flex-align-items-flex-start\" style=\"max-width:calc( 1140px + 0px );margin-left: calc(-0px \/ 2 );margin-right: calc(-0px \/ 2 );\"><div class=\"fusion-layout-column fusion_builder_column fusion-builder-column-0 fusion_builder_column_1_1 1_1 fusion-flex-column\"><div class=\"fusion-column-wrapper fusion-flex-justify-content-flex-start fusion-content-layout-column\" style=\"background-position:left top;background-repeat:no-repeat;-webkit-background-size:cover;-moz-background-size:cover;-o-background-size:cover;background-size:cover;padding: 0px 0px 0px 0px;\"><div class=\"fusion-separator fusion-no-large-visibility fusion-full-width-sep\" style=\"align-self: center;margin-left: auto;margin-right: auto;margin-top:30px;width:100%;\"><\/div><style type=\"text\/css\">@media only screen and (max-width:1024px) {.fusion-title.fusion-title-1{margin-top:0px!important; margin-right:0px!important;margin-bottom:31px!important;margin-left:0px!important;}}@media only screen and (max-width:640px) {.fusion-title.fusion-title-1{margin-top:0px!important; margin-right:0px!important;margin-bottom:20px!important; margin-left:0px!important;}}<\/style><div class=\"fusion-title title fusion-title-1 fusion-sep-none fusion-title-text fusion-title-size-one fusion-animated\" style=\"margin-top:0px;margin-right:0px;margin-bottom:31px;margin-left:0px;\" data-animationType=\"fadeInLeft\" data-animationDuration=\"0.3\" data-animationOffset=\"top-into-view\"><h1 class=\"title-heading-left fusion-responsive-typography-calculated\" style=\"margin:0;color:#ffffff;--fontSize:60;line-height:1.4;\">Oldtimer<\/h1><\/div><\/div><style type=\"text\/css\">.fusion-body .fusion-builder-column-0{width:100% !important;margin-top : 0px;margin-bottom : 0px;}.fusion-builder-column-0 > .fusion-column-wrapper {padding-top : 0px !important;padding-right : 0px !important;margin-right : 0px;padding-bottom : 0px !important;padding-left : 0px !important;margin-left : 0px;}@media only screen and (max-width:1024px) {.fusion-body .fusion-builder-column-0{width:100% !important;}.fusion-builder-column-0 > .fusion-column-wrapper {margin-right : 0px;margin-left : 0px;}}@media only screen and (max-width:640px) {.fusion-body .fusion-builder-column-0{width:100% !important;}.fusion-builder-column-0 > .fusion-column-wrapper {margin-right : 0px;margin-left : 0px;}}<\/style><\/div><\/div><style type=\"text\/css\">.fusion-body .fusion-flex-container.fusion-builder-row-1{ padding-top : 190px;margin-top : 0px;padding-right : 0px;padding-bottom : 0px;margin-bottom : 0px;padding-left : 0px;}<\/style><\/div><div class=\"fusion-fullwidth fullwidth-box fusion-builder-row-2 fusion-flex-container nonhundred-percent-fullwidth non-hundred-percent-height-scrolling\" style=\"background-color: #ffffff;background-position: center center;background-repeat: no-repeat;border-width: 0px 0px 0px 0px;border-color:#3e3e3e;border-style:solid;\" ><div class=\"fusion-builder-row fusion-row fusion-flex-align-items-flex-start\" style=\"max-width:1185.6px;margin-left: calc(-4% \/ 2 );margin-right: calc(-4% \/ 2 );\"><div class=\"fusion-layout-column fusion_builder_column fusion-builder-column-1 fusion_builder_column_2_3 2_3 fusion-flex-column\"><div class=\"fusion-column-wrapper fusion-flex-justify-content-flex-start fusion-content-layout-column\" style=\"background-position:left top;background-repeat:no-repeat;-webkit-background-size:cover;-moz-background-size:cover;-o-background-size:cover;background-size:cover;padding: 0px 0px 0px 0px;\"><div class=\"fusion-text fusion-text-1\"><h2 class=\"fusion-responsive-typography-calculated\" style=\"--fontsize: 40; line-height: 1.5;\" data-fontsize=\"40\" data-lineheight=\"60px\">Ungefilterte Abgase sch\u00e4rfen Ihre Sinne?<\/h2>\n<p>F\u00fcr unsere Gr\u00fcndergeneration war es die allt\u00e4gliche Arbeit, wir haben heute das Privileg, die Leidenschaft f\u00fcr Oldtimer als Faszination weiterleben zu d\u00fcrfen. Dank unseres Drei-Generationen-Betriebs wurde das Wissen und der Bezug zur alten Technik stets aufrecht erhalten und den Nachkommen weitergegeben. Wir wissen sehr genau, welche emotionale Verbindung Sie als Besitzer zu Ihrem Oldtimer haben. Wir kennen das wohlige Gef\u00fchl, das Sie versp\u00fcren, wenn Ihr \u00fcber alles geliebter Wagen in neuem Glanz erstrahlt und er wieder in Ihrer Garage steht.<\/p>\n<p>In unserem Betrieb kriegen Sie die komplette Palette in Sachen Oldtimer. Wir erledigen f\u00fcr Sie kleinere Arbeiten wie Aufbereitung, Einstellung und Beratung, \u00fcbernehmen aber auch komplette Restaurierungen und tun dies mit der gebotenen Sorgfalt und Hingabe. Denn wir bei Auto Schmidlin wissen: Einen Oldtimer gibt man nicht einfach so in fremde H\u00e4nde. Selbstverst\u00e4ndlich k\u00f6nnen Sie jederzeit bei uns vorbei schauen, wir zeigen Ihnen gerne anhand laufender Projekte, wie wir arbeiten und f\u00fcr welch hohe Qualit\u00e4t unser Name steht.<\/p>\n<p>\u00a0<\/p>\n<\/div><\/div><style type=\"text\/css\">.fusion-body .fusion-builder-column-1{width:66.666666666667% !important;margin-top : 0px;margin-bottom : 0px;}.fusion-builder-column-1 > .fusion-column-wrapper {padding-top : 0px !important;padding-right : 0px !important;margin-right : 2.88%;padding-bottom : 0px !important;padding-left : 0px !important;margin-left : 2.88%;}@media only screen and (max-width:1024px) {.fusion-body .fusion-builder-column-1{width:100% !important;order : 0;}.fusion-builder-column-1 > .fusion-column-wrapper {margin-right : 1.92%;margin-left : 1.92%;}}@media only screen and (max-width:640px) {.fusion-body .fusion-builder-column-1{width:100% !important;order : 0;}.fusion-builder-column-1 > .fusion-column-wrapper {margin-right : 1.92%;margin-left : 1.92%;}}<\/style><\/div><div class=\"fusion-layout-column fusion_builder_column fusion-builder-column-2 fusion_builder_column_1_3 1_3 fusion-flex-column\"><div class=\"fusion-column-wrapper fusion-flex-justify-content-flex-start fusion-content-layout-column\" style=\"background-position:left top;background-repeat:no-repeat;-webkit-background-size:cover;-moz-background-size:cover;-o-background-size:cover;background-size:cover;padding: 0px 0px 0px 0px;\"><div ><span class=\" fusion-imageframe imageframe-none imageframe-1 hover-type-none\"><img width=\"1920\" height=\"1280\" alt=\"Maserati\" title=\"DSCF0655\" src=\"https:\/\/webneu.autoschmidlin.ch\/wp-content\/uploads\/DSCF0655.jpg\" class=\"img-responsive wp-image-470\" srcset=\"https:\/\/www.autoschmidlin.ch\/wp-content\/uploads\/DSCF0655-200x133.jpg 200w, https:\/\/www.autoschmidlin.ch\/wp-content\/uploads\/DSCF0655-400x267.jpg 400w, https:\/\/www.autoschmidlin.ch\/wp-content\/uploads\/DSCF0655-600x400.jpg 600w, https:\/\/www.autoschmidlin.ch\/wp-content\/uploads\/DSCF0655-800x533.jpg 800w, https:\/\/www.autoschmidlin.ch\/wp-content\/uploads\/DSCF0655-1200x800.jpg 1200w, https:\/\/www.autoschmidlin.ch\/wp-content\/uploads\/DSCF0655.jpg 1920w\" sizes=\"(max-width: 1024px) 100vw, (max-width: 640px) 100vw, 400px\" \/><\/span><\/div><\/div><style type=\"text\/css\">.fusion-body .fusion-builder-column-2{width:33.333333333333% !important;margin-top : 0px;margin-bottom : 0px;}.fusion-builder-column-2 > .fusion-column-wrapper {padding-top : 0px !important;padding-right : 0px !important;margin-right : 5.76%;padding-bottom : 0px !important;padding-left : 0px !important;margin-left : 5.76%;}@media only screen and (max-width:1024px) {.fusion-body .fusion-builder-column-2{width:100% !important;order : 0;}.fusion-builder-column-2 > .fusion-column-wrapper {margin-right : 1.92%;margin-left : 1.92%;}}@media only screen and (max-width:640px) {.fusion-body .fusion-builder-column-2{width:100% !important;order : 0;}.fusion-builder-column-2 > .fusion-column-wrapper {margin-right : 1.92%;margin-left : 1.92%;}}<\/style><\/div><\/div><style type=\"text\/css\">.fusion-body .fusion-flex-container.fusion-builder-row-2{ padding-top : 80px;margin-top : 0px;padding-right : 0px;padding-bottom : 80px;margin-bottom : 0px;padding-left : 0px;}<\/style><\/div><div class=\"fusion-fullwidth fullwidth-box fusion-builder-row-3 fusion-flex-container nonhundred-percent-fullwidth non-hundred-percent-height-scrolling\" style=\"background-color: #242424;background-position: center center;background-repeat: no-repeat;border-width: 0px 0px 0px 0px;border-color:#3e3e3e;border-style:solid;\" ><div class=\"fusion-builder-row fusion-row fusion-flex-align-items-flex-start\" style=\"max-width:1185.6px;margin-left: calc(-4% \/ 2 );margin-right: calc(-4% \/ 2 );\"><div class=\"fusion-layout-column fusion_builder_column fusion-builder-column-3 fusion_builder_column_1_1 1_1 fusion-flex-column\"><div class=\"fusion-column-wrapper fusion-flex-justify-content-flex-start fusion-content-layout-column\" style=\"background-position:left top;background-repeat:no-repeat;-webkit-background-size:cover;-moz-background-size:cover;-o-background-size:cover;background-size:cover;padding: 0px 0px 0px 0px;\"><div class=\"fusion-image-carousel fusion-image-carousel-fixed lightbox-enabled fusion-carousel-border\"><div class=\"fusion-carousel\" data-autoplay=\"no\" data-columns=\"5\" data-itemmargin=\"13\" data-itemwidth=\"180\" data-touchscroll=\"no\" data-imagesize=\"fixed\"><div class=\"fusion-carousel-positioner\"><ul class=\"fusion-carousel-holder\"><li class=\"fusion-carousel-item\"><div class=\"fusion-carousel-item-wrapper\"><div class=\"fusion-image-wrapper hover-type-none\"><a data-rel=\"iLightbox[image_carousel_1]\" data-title=\"P1045250\" aria-label=\"P1045250\" href=\"https:\/\/webneu.autoschmidlin.ch\/wp-content\/uploads\/P1045250-scaled.jpg\" target=\"_self\"><img width=\"320\" height=\"202\" src=\"https:\/\/www.autoschmidlin.ch\/wp-content\/uploads\/P1045250-320x202.jpg\" class=\"attachment-blog-medium size-blog-medium\" alt=\"\" \/><\/a><\/div><\/div><\/li><li class=\"fusion-carousel-item\"><div class=\"fusion-carousel-item-wrapper\"><div class=\"fusion-image-wrapper hover-type-none\"><a data-rel=\"iLightbox[image_carousel_1]\" data-title=\"P1045252\" aria-label=\"P1045252\" href=\"https:\/\/webneu.autoschmidlin.ch\/wp-content\/uploads\/P1045252-scaled.jpg\" target=\"_self\"><img width=\"320\" height=\"202\" src=\"https:\/\/www.autoschmidlin.ch\/wp-content\/uploads\/P1045252-320x202.jpg\" class=\"attachment-blog-medium size-blog-medium\" alt=\"\" \/><\/a><\/div><\/div><\/li><li class=\"fusion-carousel-item\"><div class=\"fusion-carousel-item-wrapper\"><div class=\"fusion-image-wrapper hover-type-none\"><a data-rel=\"iLightbox[image_carousel_1]\" data-title=\"P1040836\" aria-label=\"P1040836\" href=\"https:\/\/webneu.autoschmidlin.ch\/wp-content\/uploads\/P1040836.jpg\" target=\"_self\"><img width=\"320\" height=\"202\" src=\"https:\/\/www.autoschmidlin.ch\/wp-content\/uploads\/P1040836-320x202.jpg\" class=\"attachment-blog-medium size-blog-medium\" alt=\"\" \/><\/a><\/div><\/div><\/li><li class=\"fusion-carousel-item\"><div class=\"fusion-carousel-item-wrapper\"><div class=\"fusion-image-wrapper hover-type-none\"><a data-rel=\"iLightbox[image_carousel_1]\" data-title=\"P1045264\" aria-label=\"P1045264\" href=\"https:\/\/webneu.autoschmidlin.ch\/wp-content\/uploads\/P1045264-scaled.jpg\" target=\"_self\"><img width=\"320\" height=\"202\" src=\"https:\/\/www.autoschmidlin.ch\/wp-content\/uploads\/P1045264-320x202.jpg\" class=\"attachment-blog-medium size-blog-medium\" alt=\"\" \/><\/a><\/div><\/div><\/li><li class=\"fusion-carousel-item\"><div class=\"fusion-carousel-item-wrapper\"><div class=\"fusion-image-wrapper hover-type-none\"><a data-rel=\"iLightbox[image_carousel_1]\" data-title=\"P1045269\" aria-label=\"P1045269\" href=\"https:\/\/webneu.autoschmidlin.ch\/wp-content\/uploads\/P1045269-scaled.jpg\" target=\"_self\"><img width=\"320\" height=\"202\" src=\"https:\/\/www.autoschmidlin.ch\/wp-content\/uploads\/P1045269-320x202.jpg\" class=\"attachment-blog-medium size-blog-medium\" alt=\"\" \/><\/a><\/div><\/div><\/li><li class=\"fusion-carousel-item\"><div class=\"fusion-carousel-item-wrapper\"><div class=\"fusion-image-wrapper hover-type-none\"><a data-rel=\"iLightbox[image_carousel_1]\" data-title=\"P1045273\" aria-label=\"P1045273\" href=\"https:\/\/webneu.autoschmidlin.ch\/wp-content\/uploads\/P1045273-scaled.jpg\" target=\"_self\"><img width=\"320\" height=\"202\" src=\"https:\/\/www.autoschmidlin.ch\/wp-content\/uploads\/P1045273-320x202.jpg\" class=\"attachment-blog-medium size-blog-medium\" alt=\"\" \/><\/a><\/div><\/div><\/li><li class=\"fusion-carousel-item\"><div class=\"fusion-carousel-item-wrapper\"><div class=\"fusion-image-wrapper hover-type-none\"><a data-rel=\"iLightbox[image_carousel_1]\" data-title=\"P1045284\" aria-label=\"P1045284\" href=\"https:\/\/webneu.autoschmidlin.ch\/wp-content\/uploads\/P1045284-scaled.jpg\" target=\"_self\"><img width=\"320\" height=\"202\" src=\"https:\/\/www.autoschmidlin.ch\/wp-content\/uploads\/P1045284-320x202.jpg\" class=\"attachment-blog-medium size-blog-medium\" alt=\"\" \/><\/a><\/div><\/div><\/li><\/ul><div class=\"fusion-carousel-nav\"><span class=\"fusion-nav-prev\"><\/span><span class=\"fusion-nav-next\"><\/span><\/div><\/div><\/div><\/div><\/div><style type=\"text\/css\">.fusion-body .fusion-builder-column-3{width:100% !important;margin-top : 0px;margin-bottom : 0px;}.fusion-builder-column-3 > .fusion-column-wrapper {padding-top : 0px !important;padding-right : 0px !important;margin-right : 1.92%;padding-bottom : 0px !important;padding-left : 0px !important;margin-left : 1.92%;}@media only screen and (max-width:1024px) {.fusion-body .fusion-builder-column-3{width:100% !important;order : 0;}.fusion-builder-column-3 > .fusion-column-wrapper {margin-right : 1.92%;margin-left : 1.92%;}}@media only screen and (max-width:640px) {.fusion-body .fusion-builder-column-3{width:100% !important;order : 0;}.fusion-builder-column-3 > .fusion-column-wrapper {margin-right : 1.92%;margin-left : 1.92%;}}<\/style><\/div><\/div><style type=\"text\/css\">.fusion-body .fusion-flex-container.fusion-builder-row-3{ padding-top : 0px;margin-top : 0px;padding-right : 0px;padding-bottom : 0px;margin-bottom : 0px;padding-left : 0px;}<\/style><\/div><\/p>\n","protected":false},"excerpt":{"rendered":"","protected":false},"author":1,"featured_media":0,"parent":28,"menu_order":0,"comment_status":"closed","ping_status":"closed","template":"","meta":[],"_links":{"self":[{"href":"https:\/\/www.autoschmidlin.ch\/de\/wp-json\/wp\/v2\/pages\/123"}],"collection":[{"href":"https:\/\/www.autoschmidlin.ch\/de\/wp-json\/wp\/v2\/pages"}],"about":[{"href":"https:\/\/www.autoschmidlin.ch\/de\/wp-json\/wp\/v2\/types\/page"}],"author":[{"embeddable":true,"href":"https:\/\/www.autoschmidlin.ch\/de\/wp-json\/wp\/v2\/users\/1"}],"replies":[{"embeddable":true,"href":"https:\/\/www.autoschmidlin.ch\/de\/wp-json\/wp\/v2\/comments?post=123"}],"version-history":[{"count":16,"href":"https:\/\/www.autoschmidlin.ch\/de\/wp-json\/wp\/v2\/pages\/123\/revisions"}],"predecessor-version":[{"id":554,"href":"https:\/\/www.autoschmidlin.ch\/de\/wp-json\/wp\/v2\/pages\/123\/revisions\/554"}],"up":[{"embeddable":true,"href":"https:\/\/www.autoschmidlin.ch\/de\/wp-json\/wp\/v2\/pages\/28"}],"wp:attachment":[{"href":"https:\/\/www.autoschmidlin.ch\/de\/wp-json\/wp\/v2\/media?parent=123"}],"curies":[{"name":"wp","href":"https:\/\/api.w.org\/{rel}","templated":true}]}}